{"id":29,"date":"2021-04-11T09:04:53","date_gmt":"2021-04-11T07:04:53","guid":{"rendered":"http:\/\/gnoseotheque.fr\/?page_id=29"},"modified":"2022-02-12T17:20:07","modified_gmt":"2022-02-12T16:20:07","slug":"bienvenue","status":"publish","type":"page","link":"https:\/\/gnoseotheque.fr\/","title":{"rendered":"Bienvenue !"},"content":{"rendered":"\n<ul><li><a href=\"http:\/\/gnoseotheque.fr\/?page_id=46\">G\u00e9n\u00e9alogies familiales<\/a><\/li><li><a href=\"http:\/\/gnoseotheque.fr\/?page_id=118\">Documents sur l&#8217;histoire de Ribaute et ses alentours<\/a><\/li><li><a href=\"http:\/\/gnoseotheque.fr\/?page_id=98\">Documents de recherche en histoire m\u00e9di\u00e9vale<\/a><\/li><\/ul>\n","protected":false},"excerpt":{"rendered":"<p>G\u00e9n\u00e9alogies familiales Documents sur l&#8217;histoire de Ribaute et ses alentours Documents de recherche en histoire m\u00e9di\u00e9vale<\/p>\n","protected":false},"author":1,"featured_media":0,"parent":0,"menu_order":0,"comment_status":"closed","ping_status":"closed","template":"","meta":[],"_links":{"self":[{"href":"https:\/\/gnoseotheque.fr\/index.php?rest_route=\/wp\/v2\/pages\/29"}],"collection":[{"href":"https:\/\/gnoseotheque.fr\/index.php?rest_route=\/wp\/v2\/pages"}],"about":[{"href":"https:\/\/gnoseotheque.fr\/index.php?rest_route=\/wp\/v2\/types\/page"}],"author":[{"embeddable":true,"href":"https:\/\/gnoseotheque.fr\/index.php?rest_route=\/wp\/v2\/users\/1"}],"replies":[{"embeddable":true,"href":"https:\/\/gnoseotheque.fr\/index.php?rest_route=%2Fwp%2Fv2%2Fcomments&post=29"}],"version-history":[{"count":7,"href":"https:\/\/gnoseotheque.fr\/index.php?rest_route=\/wp\/v2\/pages\/29\/revisions"}],"predecessor-version":[{"id":120,"href":"https:\/\/gnoseotheque.fr\/index.php?rest_route=\/wp\/v2\/pages\/29\/revisions\/120"}],"wp:attachment":[{"href":"https:\/\/gnoseotheque.fr\/index.php?rest_route=%2Fwp%2Fv2%2Fmedia&parent=29"}],"curies":[{"name":"wp","href":"https:\/\/api.w.org\/{rel}","templated":true}]}}