{"id":110,"date":"2022-02-12T17:02:26","date_gmt":"2022-02-12T16:02:26","guid":{"rendered":"http:\/\/gnoseotheque.fr\/?page_id=110"},"modified":"2022-04-24T22:05:15","modified_gmt":"2022-04-24T20:05:15","slug":"collection-doat","status":"publish","type":"page","link":"https:\/\/gnoseotheque.fr\/?page_id=110","title":{"rendered":"Collection Doat"},"content":{"rendered":"\n<p>Jean de Doat, pr\u00e9sident de la Chambre des Comptes de Navarre \u00e0 Pau, fut commissionn\u00e9 par Colbert pour faire une compilation de copies de documents sur l\u2019histoire des provinces fran\u00e7aises du Sud-Ouest (Languedoc, Guyenne, Gascogne, pays de Foix), ce qu\u2019il fit entre 1663 et 1670. <\/p>\n\n\n\n<p>Cette compilation, appel\u00e9e \u00ab collection Doat \u00bb, est compos\u00e9e de 258 volumes et est conserv\u00e9e \u00e0 la Biblioth\u00e8que Nationale de France (BNF). Aucune \u00e9dition compl\u00e8te n\u2019en a \u00e9t\u00e9 faite \u00e0 ce jour, mais les manuscrits sont num\u00e9ris\u00e9s et en acc\u00e8s libre sur le site de la BNF. La collection renferme de tr\u00e8s nombreuses copies dont les originaux sont maintenant d\u00e9truits, et constitue \u00e0 ce titre l\u2019une des sources principales concernant le Moyen \u00c2ge pour la France m\u00e9ridionale.<\/p>\n\n\n\n<p>De nombreux travaux universitaires ont exploit\u00e9 ce fonds, et ont \u00e9dit\u00e9 certains volumes ou parties d&#8217;entre eux. Nous tentons ici d&#8217;en faire un inventaire, \u00e0 partir de celui \u00e9dit\u00e9 par la Biblioth\u00e8que Nationale de France, lisible sur ce <a href=\"http:\/\/gnoseotheque.fr\/wp-content\/uploads\/2022\/02\/Index-Doat-seul.pdf\">document num\u00e9ris\u00e9<\/a>. Nous en reproduisons ci-dessous l&#8217;essentiel du contenu, et nous mettons un lien vers les \u00e9ditions.<\/p>\n\n\n\n<ul style=\"font-size:14px\"><li><strong>Vol. 1 \u00e0 6<\/strong> : inventaires des copies ex\u00e9cut\u00e9es dans divers d\u00e9p\u00f4ts d&#8217;archives [&#8230;] &#8211; D\u00e9pouillement par localit\u00e9s.<ul><li>Vol. 1 : Ch\u00e2teaux de Pau et de Foix, Conques, Bonne-Combe, Rodez, Aubrac, Millau, Bonneval, &#8220;Nonenques&#8221;, Saint-Affrique, Nant (dioc. de Vabres), Beaumont, Saint-Geniez, Rodez.<\/li><li>Vol. 2 : Rodez, Vabres, \u00ab Salvanes \u00bb, Cajarc, Najac, &#8220;Loedieu&#8221;, Saint-Antonin, Villefranche-de-Rouergue, carennac, Marsillac, Espagnac, Beaulieu, Lissac, Capdenac, Figeac, Tarascon, ch\u00e2teau de Foix, Rocamadour, Saint-Antonin, Fons, Leyme, Souillac, Figeac, Foix, ch\u00e2teaux de Pau et de Foix, Carcassonne, Montolieu, Villelongue, Prouille, Foix, Salinques, Millau, Seron, Mirepoix, L\u00e9zat, Pamiers, Mas-d&#8217;Azil, Montr\u00e9al, Conques, Dax, SAverdun, Pamiers, Combe-Longue, Rodez.<\/li><li>Vol. 3 : Narbonne. &#8211;  Abbayes de Caunes, Cruzy, Saint-Beno\u00eet de Narbonne, Fontfroide. &#8211; B\u00e9ziers.<\/li><li>Vol. 4 : Carcassonne. &#8211;  Abbaye de La Grasse. &#8211; Abbaye de Saint-Hilaire (dioc de Carcassonne). &#8211; Archives de l&#8217;inquisition de Carcassonne.<\/li><li>Vol. 5 : Dioc\u00e8se de Toulouse : prieur\u00e9 de La Daurade, Grande Observance, Dominicains, Augustins, Carmes, J\u00e9suites. &#8211; Abbaye de Grandselve (dioc. de Montauban). &#8211; Montauban. &#8211; Abbaye de Belleperche. &#8211; Lavaur. &#8211; Abbaye de Bolbonne (dioc. de Mirepoix). &#8211; Abbaye de la Case-Dieux (dioc. d&#8217;Auch).<\/li><li>Vol. 6 : Albi. &#8211; &#8220;Candels&#8221;, Rabastens. &#8211; L&#8217;Isle-en-Albigeois. &#8211; Gaillac. &#8211; Cahors. &#8211; Moissac.<\/li><\/ul><\/li><li><strong>Vol. 7 \u00e0 10<\/strong> : histoire politique et administrative de la France en g\u00e9n\u00e9ral (811-1585).<\/li><li><strong>Vol. 11 \u00e0 15<\/strong> : les affaires eccl\u00e9siastiques et le clerg\u00e9 de France, le grand schisme, le concordat, etc.. Certains actes (concernant l&#8217;H\u00e9rault) : cinq du volume 11, deux du vol. 13 et deux du vol. 14 analys\u00e9s par <a href=\"https:\/\/www.etudesheraultaises.fr\/publi\/inventaire-sommaire-de-la-collection-de-doat-ii-bibliotheque-nationale-deuxieme-partie\/\">Henri Barthes,<em> Inventaire sommaire de la collection de Doat II (Biblioth\u00e8que nationale) Deuxi\u00e8me partie<\/em>. Etudes H\u00e9raultaises, 1992<\/a>.<\/li><li><strong>Vol. 16<\/strong> : les projets de Croisades, les Templiers ( 1245-1405) et les Ordres mendiants (1321-l553).<\/li><li><strong>Vol. 17<\/strong> : les ordres de C\u00eeteaux (ann\u00e9es 1080-1559), Cluny ann\u00e9es 1182-1289) et Grandmont (ann\u00e9es 1192-1317).<\/li><li><strong>Vol 18 et 19<\/strong> : les Dominicains et les Franciscains. Certains actes (concernant l&#8217;H\u00e9rault) : six du volume 18 et quatre du vol. 19 analys\u00e9s par <a href=\"https:\/\/www.etudesheraultaises.fr\/publi\/inventaire-sommaire-de-la-collection-de-doat-ii-bibliotheque-nationale-deuxieme-partie\/\">Henri Barthes,<em> Inventaire sommaire de la collection de Doat II (Biblioth\u00e8que nationale) Deuxi\u00e8me partie<\/em>. Etudes H\u00e9raultaises, 1992<\/a>.<\/li><li><strong>Vol. 20<\/strong> : les Augustins ( 1243-1625) et les Carmes ( 1267-1534). Deux actes (concernant l&#8217;H\u00e9rault) analys\u00e9s par <a href=\"https:\/\/www.etudesheraultaises.fr\/publi\/inventaire-sommaire-de-la-collection-de-doat-ii-bibliotheque-nationale-deuxieme-partie\/\">Henri Barthes,<em> Inventaire sommaire de la collection de Doat II (Biblioth\u00e8que nationale) Deuxi\u00e8me partie<\/em>. Etudes H\u00e9raultaises, 1992<\/a>.<\/li><li><strong>Vol. 21 \u00e0 37<\/strong> : sentences, sauf-conduits, bulles, chartes royales, interrogatoires, d\u00e9positions, trait\u00e9s, sermons et autres pi\u00e8ces concernant les h\u00e9r\u00e9tiques Albigeois, Vaudois ou Pauvres de Lyon, les B\u00e9guins et en g\u00e9n\u00e9ral l&#8217;Inquisition en France, avec les pi\u00e8ces pour et contre les Juifs (1165-1635). Certains actes (concernant l&#8217;H\u00e9rault) : dix du volume 27, six du vol. 28 analys\u00e9s par <a href=\"https:\/\/www.etudesheraultaises.fr\/publi\/inventaire-sommaire-de-la-collection-de-doat-ii-bibliotheque-nationale-deuxieme-partie\/\">Henri Barthes,<em> Inventaire sommaire de la collection de Doat II (Biblioth\u00e8que nationale) Deuxi\u00e8me partie<\/em>. Etudes H\u00e9raultaises, 1992<\/a>.<\/li><li><strong>Vol 38 et 39<\/strong> : contrats de mariage de diverses personnes de la noblesse languedocienne, et autres pi\u00e8ces relatives aux contractants (1157-1489). Volumes enti\u00e8rement analys\u00e9s par <a href=\"https:\/\/www.guyenne.fr\/ArchivesPerigord\/BNF\/BNF_Doat\/Languedoc%20Doat.htm\">Claude-Henri Piraud sur le site guyenne.fr<\/a>.<\/li><li><strong>Vol 40 \u00e0 46<\/strong> : testaments de divers personnages, la\u00efques et eccl\u00e9siastiques, du Languedoc, par ordre chronologique de 930 \u00e0 1634. Volumes enti\u00e8rement analys\u00e9s par <a href=\"https:\/\/www.guyenne.fr\/ArchivesPerigord\/BNF\/BNF_Doat\/Languedoc%20Doat.htm\">Claude-Henri Piraud sur le site guyenne.fr<\/a>.<\/li><li><strong>Vol 47 \u00e0 49<\/strong> :vicomt\u00e9 de Narbonne (1035-1633).<ul><li>Vol 47 : hommages et serments de fid\u00e9lit\u00e9 (1110-1436)<\/li><li>Vol 48 et 49 ventes, \u00e9changes, donations, accords, coutumes (1035-1301 et 1302-1655)<\/li><\/ul><\/li><li><strong>Vol 50 \u00e0 54<\/strong> : la ville et le bourg de Narbonne et leurs d\u00e9pendances (1166 \u00e0 1561).<\/li><li><strong>Vol 55 et 56<\/strong> : l&#8217;\u00e9v\u00each\u00e9 et le chapitre de l&#8217;\u00e9glise cath\u00e9drale de Narbonne (816-1240 et 1241-1547).<\/li><li><strong>Vol 57<\/strong> : le chapitre de Saint-Paul de Narbonne (911-1616).<\/li><li><strong>Vol 58<\/strong> : divers couvents de Narbonne, les abbayes de Quarante et de Caunes, la ville de Limoux et l&#8217;ordre du Temple. Volume partiellement analys\u00e9 (seulement pour l&#8217;abbaye de Quarante) par <a href=\"https:\/\/www.etudesheraultaises.fr\/publi\/inventaire-sommaire-de-la-collection-de-doat-ii-bibliotheque-nationale-deuxieme-partie\/\">Henri Barthes,<em> Inventaire sommaire de la collection de Doat II (Biblioth\u00e8que nationale) Deuxi\u00e8me partie<\/em>. Etudes H\u00e9raultaises, 1992<\/a>.<\/li><li><strong>Vol 59<\/strong> : l&#8217;abbaye cistercienne de Fontfroide, au dioc\u00e8se de Narbonne (1114-1546).<\/li><li><strong>Vol 60<\/strong> : la ville, les \u00e9glises (Saint-Nazaire, Saint-Aphrodise) et les couvents (Dominicains, Carmes, Augustins, religieuses de Sainte-Claire) de B\u00e9ziers ainsi que les abbayes de Joncels et Villemagne (1135-1651). Volume enti\u00e8rement analys\u00e9 par <a href=\"https:\/\/www.etudesheraultaises.fr\/publi\/inventaire-sommaire-de-la-collection-de-doat-bibliotheque-nationale-premiere-partie-volumes-de-la-serie-geographique-beziers\/\" data-type=\"URL\" data-id=\"https:\/\/www.etudesheraultaises.fr\/publi\/inventaire-sommaire-de-la-collection-de-doat-bibliotheque-nationale-premiere-partie-volumes-de-la-serie-geographique-beziers\/\">Henri Barthes, <em>Inventaire sommaire de la collection de Doat. Premi\u00e8re partie : volumes de la s\u00e9rie &#8220;g\u00e9ographique&#8221; : B\u00e9ziers.<\/em> Etudes H\u00e9raultaises, 1990<\/a>.<\/li><li><strong>Vol 61 \u00e0 63<\/strong> :l&#8217;\u00e9v\u00each\u00e9 et le chapitre de l&#8217;\u00e9glise cath\u00e9drale Saint-Nazaire de B\u00e9ziers (878-1616). Volumes enti\u00e8rement analys\u00e9s par <a href=\"https:\/\/www.etudesheraultaises.fr\/publi\/inventaire-sommaire-de-la-collection-de-doat-bibliotheque-nationale-premiere-partie-volumes-de-la-serie-geographique-beziers\/\">Henri Barthes, <em>Inventaire sommaire de la collection de Doat. Premi\u00e8re partie : volumes de la s\u00e9rie &#8220;g\u00e9ographique&#8221; : B\u00e9ziers.<\/em> Etudes H\u00e9raultaises, 1990<\/a>.<\/li><li><strong>Vol 64<\/strong> : la ville et les couvents de Carcassonne (1112-1642).<\/li><li><strong>Vol 65<\/strong> : l&#8217;\u00e9v\u00each\u00e9 et l&#8217;\u00e9glise cath\u00e9drale de Carcassonne (926-1607).<\/li><li><strong>Vol 66 \u00e0 68<\/strong> : l&#8217;abbaye de La Grasse (806-1646).<\/li><li><strong>Vol 69<\/strong> : l&#8217;abbaye de Montolieu, au dioc\u00e8se de Carcassonne (815-1565).<\/li><li><strong>Vol 70<\/strong> : l&#8217;abbaye cistercienne de Villelongue, au dioc\u00e8ce de Carcassonne (1145-1428).<\/li><li><strong>Vol 71<\/strong> : l&#8217;abbaye de Saint-Hilaire, au dioc\u00e8se de Carcassonne, la ville, le chapitre et les Carmes de Montr\u00e9al.<\/li><li><strong>Vol 72<\/strong> : les abbayes de Saint-Thib\u00e9ry et d&#8217;Alet, les \u00e9v\u00each\u00e9s et chapitres d&#8217;Agde, de Lod\u00e8ve et de Montpellier, N\u00eemes, Aigues-Mortes, Saint-Pons de Tomi\u00e8res (1078-1600). Volume enti\u00e8rement analys\u00e9 par <a href=\"https:\/\/www.etudesheraultaises.fr\/publi\/inventaire-sommaire-de-la-collection-de-doat-ii-bibliotheque-nationale-deuxieme-partie\/\">Henri Barthes,<em> Inventaire sommaire de la collection de Doat II (Biblioth\u00e8que nationale) Deuxi\u00e8me partie<\/em>. Etudes H\u00e9raultaises, 1992<\/a>.<\/li><li><strong>Vol 73<\/strong> : la ville et les couvents de Toulouse (854-1596).<\/li><li><strong>Vol 74<\/strong> : actes \u00e9man\u00e9s la plupart d&#8217;Alphonse de Poitiers, comte de Toulouse, ou le concernant (1229-1271).<\/li><li><strong>Vol 75<\/strong> : hommages et de serments de fid\u00e9lit\u00e9 pr\u00eat\u00e9s \u00e0 Simon et \u00e0 Amaury de Montfort, ducs de Narbonne et comtes de Toulouse ( 1211-1222), divers actes de Simon de Montfort, comte de Leicester, de Raimond Trencavel, Bernard Atto, vicomte de N\u00eemes, Michel, archev\u00eaque d&#8217;Arles (1259), d&#8217;Aimeri, vicomte de Narbonne, d&#8217;H\u00e9lias Rudel ( t215), etc.; soumissions des anciens comtes de Toulouse et autres seigneurs m\u00e9ridionaux aux rois Louis VIII et Louis IX, documents relatifs \u00e0 l&#8217;extinction de l&#8217;h\u00e9r\u00e9sie albigeoise et \u00e0 l&#8217;administration du Languedoc jusqu&#8217;en 1303. Vingt-trois actes (concernant l&#8217;H\u00e9rault) analys\u00e9s par <a href=\"https:\/\/www.etudesheraultaises.fr\/publi\/inventaire-sommaire-de-la-collection-de-doat-ii-bibliotheque-nationale-deuxieme-partie\/\">Henri Barthes,<em> Inventaire sommaire de la collection de Doat II (Biblioth\u00e8que nationale) Deuxi\u00e8me partie<\/em>. Etudes H\u00e9raultaises, 1992<\/a>.<\/li><li><strong>Vol 76 \u00e0 80<\/strong> : l&#8217;abbaye cistercienne de Grandselve (1113-1514).<\/li><li><strong>Vol 81<\/strong> : la ville et le chapitre de Lavaur (810-1526). <\/li><li><strong>Vol 82<\/strong> : l&#8217;\u00e9v\u00each\u00e9, le chapitre et les seigneurs de Mirepoix, ainsi que le monast\u00e8re de Saint-Michel de Cuxa (Xe si\u00e8cle-1577).<\/li><li><strong>Vol 83 \u00e0 86<\/strong> : l&#8217;abbaye cistercienne de Bolbonne, au dioc\u00e8se de Mirepoix (962-1603).<\/li><li><strong>Vol 87 et 88<\/strong> : la ville de Montauban (1144-1611).<\/li><li><strong>Vol 89 et 90<\/strong> : l&#8217;abbaye Saint-Th\u00e9odard (1121-1600) et la coll\u00e9giale Saint-\u00c9tienne de Tescon \u00e0 Montauban (1248- 1523).<\/li><li><strong>Vol 91 et 92<\/strong> : l&#8217;abbaye cistercienne de Belleperche, au dioc\u00e8se de Montauban ( 1164-1557), la ville et les \u00e9glises de Castelsarrasin (1235-1598).<\/li><li><strong>Vol 93<\/strong> : a ville de Pamiers (1232-1546).<\/li><li><strong>Vol 94 et 95<\/strong> : l&#8217;abbaye Saint-Antonin de Pamiers, Tarascon au pays de Foix et Montesquieu (bastide de Saron).<\/li><li><strong>Vol 96<\/strong> : la ville de Foix et l&#8217;abbaye augustine de Saint-Volusien de Foix, au dioc\u00e8se de Pamiers (1144-1594).<\/li><li><strong>Vol 97<\/strong> : les abbayes du Mas d&#8217; Azil, de Combelongue, de La Reule, de Salenques et la ville de Lectoure (1009-1574).<\/li><li><strong>Vol 98 \u00e0 102<\/strong> : le prieur\u00e9 de Prouille (1269-1388) et l&#8217;abbaye de L\u00e9zat (726-1549).<\/li><li><strong>Vol 103 \u00e0 113<\/strong> : Albi (924-1618).<\/li><li><strong>Vol 114 et 115<\/strong> : l&#8217;abbaye cistercienne de Candelles, au dioc\u00e8se d&#8217;Albi (1153-1586).<\/li><li><strong>Vol 116<\/strong> : la ville et l&#8217;abbaye Saint-Michel de Gaillac (972-1537).<\/li><li><strong>Vol 117<\/strong> : divers \u00e9tablissements des dioc\u00e8ses d&#8217;Albi, de Castres, de Mende, de Bordeaux, d&#8217;Agen, de Saintes, de Bourges, de Rodez, de Clermont et du Puy, et l&#8217;occupation anglaise en Guyenne (IXe si\u00e8cle-1559).<\/li><li><strong>Vol 118 et 119<\/strong> : la ville de Cahors (1203-1509).<\/li><li><strong>Vol 120<\/strong> : l&#8217;\u00e9v\u00each\u00e9 et la cath\u00e9drale de Cahors (1166-1621).<\/li><li><strong>Vol 121<\/strong> : le Coll\u00e8ge &#8220;Saint-Etienne de Rodez&#8221; \u00e0 Cahors, les Augustins et les Dominicains de Cahors (1290-1601).<\/li><li><strong>Vol 122<\/strong> : l&#8217;Universit\u00e9 de Cahors et le Coll\u00e8ge Pelegry, \u00e0 Cahors (1331-1538).<\/li><li><strong>Vol 123<\/strong> : le monast\u00e8re de Carennac, l&#8217;abbaye de Marcillac et l&#8217;h\u00f4pital de Beaulieu, au dioc\u00e8se de Cahors (1100-1661).<\/li><li><strong>Vol 124<\/strong> : les monast\u00e8res d&#8217;Espagnac, de Leyme, de Lissac et de Saint-Antonin, au dioc\u00e8se de Cahors (VIIIe si\u00e8cle-1593).<\/li><li><strong>Vol 125<\/strong> : la ville et les couvents de Figeac, la ville de Capdenac, l&#8217;\u00e9glise de Rocamadour, l&#8217;abbaye de Tulle (1173-1613).<\/li><li><strong>Vol 126<\/strong> : l&#8217;abbaye de Figeac (755-1556), le prieur\u00e9 de Fons qui en d\u00e9pend (959-1493).<\/li><li><strong>Vol 127<\/strong> : la ville de Moissac (1197-1519).<\/li><li><strong>Vol 128 \u00e0 131<\/strong> : l&#8217;abbaye de Moissac et l&#8217;abbaye de Camprodon.<\/li><li><strong>Vol 132 et 133<\/strong> : la ville, la cath\u00e9drale et divers \u00e9tablissements de Rodez (814-1589).<\/li><li><strong>Vol 134 \u00e0 136<\/strong> : l&#8217;h\u00f4pital de Sainte-Marie d&#8217;Aubrac, dioc\u00e8se de Rodez (1289-1635).<\/li><li><strong>Vol 137<\/strong> : Coll\u00e9giale de Beaumont (dioc\u00e8se de Vabre), monast\u00e8re des Augustins de Saint-Geniez (dioc de Rodez), \u00e9glise Notre Dame de Senhac (dioc de Rodez), Cajarc en Rouergue (dioc de Cahors).<\/li><li><strong>Vol 138 et 139<\/strong> : l&#8217;abbaye cistercienne de Bonne-Combe (dioc de Rodez) (1168-1531).<\/li><li><strong>Vol 140 \u00e0 142<\/strong> : l&#8217;abbaye cistercienne de Bonneval (dioc de Rodez, 1161-1630).<\/li><li><strong>Vol 143 et 144<\/strong> : archives abbatiales de Conques<\/li><li><strong>Vol 145<\/strong> : ville de Millau (1070-1587).<\/li><li><strong>Vol 146<\/strong> : les villes de NAjac et Saint-Antonin (dioc de Rodez, 1085-1601).<\/li><li><strong>Vol 147<\/strong> : Villefranche-de-Rouergue (1236-1588).<\/li><li><strong>Vol 148<\/strong> : l&#8217;\u00e9glise et l&#8217;\u00e9v\u00each\u00e9 de Vabres (864-1560).<\/li><li><strong>Vol 149<\/strong> : ville de Saint-Affrique, abbayes de Nonenques et de Nant (1135-1453).<\/li><li><strong>Vol 150 et 151<\/strong> : l&#8217;abbaye cistercienne de Salvan\u00e8s, dioc de VAbre (1096-1539).<\/li><li><strong>Vol 152<\/strong> : l&#8217;abbaye de la Case-Dieu, le prieur\u00e9 de Madiran, l&#8217;abbaye de Saint-Victor de Marseille, les Dominicains d&#8217;aix, l&#8217;abbaye de Saint-Andr\u00e9 (1088-1546).<\/li><li><strong>Vol 153 \u00e0 160<\/strong> : ordonnances, bulles, actes divers et hommages du Languedoc (1068-1569). Certains actes (concernant l&#8217;H\u00e9rault) : trente du volume 153, douze du vol. 154, sept du 155, quatre du 156, seize du 158, onze du 159, sept du 160 analys\u00e9s par <a href=\"https:\/\/www.etudesheraultaises.fr\/publi\/inventaire-sommaire-de-la-collection-de-doat-ii-bibliotheque-nationale-deuxieme-partie\/\">Henri Barthes,<em> Inventaire sommaire de la collection de Doat II (Biblioth\u00e8que nationale) Deuxi\u00e8me partie<\/em>. Etudes H\u00e9raultaises, 1992<\/a>.<\/li><li><strong>Vol 161 \u00e0 163<\/strong> : la Bretagne, la Lorraine, les comt\u00e9s d&#8217;Urgel et de Vic&#8230; les royaumes de Castille, d&#8217;Aragon et de Majorque (969-1527).<\/li><li><strong>Vol 164<\/strong> : inventaires des titres des tr\u00e9sors des chartes de Foix et d&#8217;Armagnac.<\/li><li><strong>Vol 165 \u00e0 240<\/strong> : divers titres et m\u00e9moires concernant les affaires des comtes de Carcassonne et vicomtes de B\u00e9ziers, des comtes de Foix et vicomtes de Castelbon, des vicomtes de B\u00e9arn, de Bigorre, de Marsan et de Gavardan, des comtes de Rodez et d&#8217;Armagnac, des seigneurs d&#8217;Albret, des rois de Navarre, et celles de divers particuliers, qui ont poss\u00e9d\u00e9 des terres dans les pays appartenant aux seigneurs sus nomm\u00e9s, ou qui ont eu des alliances avec eux (960-1612). Ont \u00e9t\u00e9 analys\u00e9s par <a href=\"https:\/\/www.guyenne.fr\/ArchivesPerigord\/BNF\/BNF_Doat\/Languedoc%20Doat.htm\" data-type=\"URL\" data-id=\"https:\/\/www.guyenne.fr\/ArchivesPerigord\/BNF\/BNF_Doat\/Languedoc%20Doat.htm\">Claude-Henri Piraud sur le site guyenne.fr<\/a> : Vol. 176 \u00e0 219 : 3 326 pi\u00e8ces, class\u00e9es chronologiquement (1230-1612) ; les volumes 188, 205, 209 et 216 (registres des hommages de Foix) ne sont pas d\u00e9taill\u00e9s.<\/li><li><strong>Vol 241<\/strong> : titres du ch\u00e2teau de Montiganc en P\u00e9rigord, dress\u00e9 en 1546.<\/li><li><strong>Vol 242 \u00e0 246<\/strong> : divers titres et m\u00e9moires concernant les affaires des comtes de P\u00e9rigord et vicomtes de Limoges, alli\u00e9s depuis aux maisons de Foix et d&#8217;Albert (1226-1574).<\/li><li><strong>Vol 247<\/strong> : affaires des vicomtes de Lomagne et d&#8217;Auvillar, alli\u00e9s aux maisons de Foix et d&#8217;Albret (1251-1343).<\/li><li><strong>Vol 248<\/strong> : affaires des vicomtes et de la vicomt\u00e9 de Lautrec (1557) ; comtes et comt\u00e9 de Dreux (1180-1515).<\/li><li><strong>Vol 249 \u00e0 257<\/strong> : Inventaires d&#8217;archives de diverses juridictions<ul><li>Vol 249 \u00e0 251 : tr\u00e9sorerie de Toulouse : domaine, hommages, for\u00eats, Table de Toulouse, Table de Rieux, Table de Lauragais, Table de Villelongue, Table d&#8217;Albigeois, Table de Castres, Table de Carcassonne, Table de comminges, Table de Rivi\u00e8re, Table de Verdun, Table de Gavre, Baux et comptes du domaine<\/li><\/ul><ul><li>Vol 252 \u00e0 254 : Carcassonne : domaine, hommages et d\u00e9nombrements, lieux des d\u00e9nombrements, vigueries de Carcassonne, de Montr\u00e9al, de Cabard\u00e8s, du Minervois, de Limoux, de Narbonne, de Termen\u00e8s, de Fenouill\u00e8de, de Mirepoix, d&#8217;Angles, de Saut, des Alamans, de R\u00e9almon, d&#8217;Albi, de Toulouse, de B\u00e9ziers, de Montpellier<\/li><\/ul><\/li><li><strong>Vol 255 \u00e0 257<\/strong> : N\u00eemes : tables de N\u00eemes, de Montpellier, de Lunel, d&#8217;Al\u00e8s, d&#8217;Anduze, de Sommi\u00e8res, du G\u00e9vaudan, d&#8217;Aigues-Mortes, du Vivarais, du Puy, de Meyrueys, d&#8217;Uz\u00e8s, de Roquemaure et de Villeneuve<\/li><li><strong>Vol 258<\/strong> : d\u00e9lib\u00e9rations politiques de la maison consulaire de N\u00eemes (1621-1628).<\/li><\/ul>\n\n\n\n<p><\/p>\n","protected":false},"excerpt":{"rendered":"<p>Jean de Doat, pr\u00e9sident de la Chambre des Comptes de Navarre \u00e0 Pau, fut commissionn\u00e9 par Colbert pour faire une compilation de copies de documents sur l\u2019histoire des provinces fran\u00e7aises du Sud-Ouest (Languedoc, Guyenne, Gascogne, pays de Foix), ce qu\u2019il fit entre 1663 et 1670. Cette compilation, appel\u00e9e \u00ab collection Doat \u00bb, est compos\u00e9e de [&hellip;]<\/p>\n","protected":false},"author":1,"featured_media":0,"parent":0,"menu_order":0,"comment_status":"closed","ping_status":"closed","template":"","meta":[],"_links":{"self":[{"href":"https:\/\/gnoseotheque.fr\/index.php?rest_route=\/wp\/v2\/pages\/110"}],"collection":[{"href":"https:\/\/gnoseotheque.fr\/index.php?rest_route=\/wp\/v2\/pages"}],"about":[{"href":"https:\/\/gnoseotheque.fr\/index.php?rest_route=\/wp\/v2\/types\/page"}],"author":[{"embeddable":true,"href":"https:\/\/gnoseotheque.fr\/index.php?rest_route=\/wp\/v2\/users\/1"}],"replies":[{"embeddable":true,"href":"https:\/\/gnoseotheque.fr\/index.php?rest_route=%2Fwp%2Fv2%2Fcomments&post=110"}],"version-history":[{"count":31,"href":"https:\/\/gnoseotheque.fr\/index.php?rest_route=\/wp\/v2\/pages\/110\/revisions"}],"predecessor-version":[{"id":155,"href":"https:\/\/gnoseotheque.fr\/index.php?rest_route=\/wp\/v2\/pages\/110\/revisions\/155"}],"wp:attachment":[{"href":"https:\/\/gnoseotheque.fr\/index.php?rest_route=%2Fwp%2Fv2%2Fmedia&parent=110"}],"curies":[{"name":"wp","href":"https:\/\/api.w.org\/{rel}","templated":true}]}}